{"id":5,"date":"2018-11-27T09:17:08","date_gmt":"2018-11-27T09:17:08","guid":{"rendered":"http:\/\/ligecarto.com\/index.php\/about\/"},"modified":"2021-03-15T15:04:59","modified_gmt":"2021-03-15T14:04:59","slug":"about","status":"publish","type":"page","link":"http:\/\/ligecarto.com\/index.php\/about\/","title":{"rendered":"Qui suis-je ?"},"content":{"rendered":"\t\t<div data-elementor-type=\"wp-post\" data-elementor-id=\"5\" class=\"elementor elementor-5\">\n\t\t\t\t\t\t<section class=\"elementor-section elementor-top-section elementor-element elementor-element-d7d8b56 elementor-section-boxed elementor-section-height-default elementor-section-height-default\" data-id=\"d7d8b56\" data-element_type=\"section\" data-settings=\"{&quot;background_background&quot;:&quot;classic&quot;}\">\n\t\t\t\t\t\t\t<div class=\"elementor-background-overlay\"><\/div>\n\t\t\t\t\t\t\t<div class=\"elementor-container elementor-column-gap-default\">\n\t\t\t\t\t<div class=\"elementor-column elementor-col-100 elementor-top-column elementor-element elementor-element-fd69444\" data-id=\"fd69444\" data-element_type=\"column\">\n\t\t\t<div class=\"elementor-widget-wrap elementor-element-populated\">\n\t\t\t\t\t\t<div class=\"elementor-element elementor-element-abcc2f2 elementor-widget elementor-widget-heading\" data-id=\"abcc2f2\" data-element_type=\"widget\" data-widget_type=\"heading.default\">\n\t\t\t\t<div class=\"elementor-widget-container\">\n\t\t\t<h1 class=\"elementor-heading-title elementor-size-default\">Qui Suis Je ?<\/h1>\t\t<\/div>\n\t\t\t\t<\/div>\n\t\t\t\t\t<\/div>\n\t\t<\/div>\n\t\t\t\t\t<\/div>\n\t\t<\/section>\n\t\t\t\t<section class=\"elementor-section elementor-top-section elementor-element elementor-element-5c40d7b elementor-section-boxed elementor-section-height-default elementor-section-height-default\" data-id=\"5c40d7b\" data-element_type=\"section\">\n\t\t\t\t\t\t<div class=\"elementor-container elementor-column-gap-default\">\n\t\t\t\t\t<div class=\"elementor-column elementor-col-50 elementor-top-column elementor-element elementor-element-2ebbf9c\" data-id=\"2ebbf9c\" data-element_type=\"column\">\n\t\t\t<div class=\"elementor-widget-wrap elementor-element-populated\">\n\t\t\t\t\t\t<div class=\"elementor-element elementor-element-fe195c7 elementor-widget elementor-widget-heading\" data-id=\"fe195c7\" data-element_type=\"widget\" data-widget_type=\"heading.default\">\n\t\t\t\t<div class=\"elementor-widget-container\">\n\t\t\t<h2 class=\"elementor-heading-title elementor-size-default\">Corentin ROUX<\/h2>\t\t<\/div>\n\t\t\t\t<\/div>\n\t\t\t\t<div class=\"elementor-element elementor-element-dc051dd elementor-widget-divider--view-line elementor-widget elementor-widget-divider\" data-id=\"dc051dd\" data-element_type=\"widget\" data-widget_type=\"divider.default\">\n\t\t\t\t<div class=\"elementor-widget-container\">\n\t\t\t\t\t<div class=\"elementor-divider\">\n\t\t\t<span class=\"elementor-divider-separator\">\n\t\t\t\t\t\t<\/span>\n\t\t<\/div>\n\t\t\t\t<\/div>\n\t\t\t\t<\/div>\n\t\t\t\t<div class=\"elementor-element elementor-element-5dcd18a elementor-widget elementor-widget-text-editor\" data-id=\"5dcd18a\" data-element_type=\"widget\" data-widget_type=\"text-editor.default\">\n\t\t\t\t<div class=\"elementor-widget-container\">\n\t\t\t\t\t\t\t<p>Titulaire d&rsquo;une licence professionnelle Etude Statistique et Syst\u00e8me d\u2019Information G\u00e9ographique que j\u2019ai effectu\u00e9e en alternance.<\/p><p>C\u2019est apr\u00e8s quelques ann\u00e9es de travail en cartographie et relev\u00e9 de r\u00e9seau d\u2019eau que je me suis sp\u00e9cialis\u00e9 dans la cartographie de course d\u2019orientation dans laquelle je travaille depuis 2018 en tant qu\u2019auto entrepreneur. Je r\u00e9alise principalement des cartes pour la pratique de la course d\u2019orientation que ce soit pour des entra\u00eenements, comp\u00e9titions (club, comit\u00e9 d\u00e9partementaux, f\u00e9d\u00e9ration) ou d\u00e9couverte de patrimoine (communes, communaut\u00e9 de communes)<\/p>\t\t\t\t\t\t<\/div>\n\t\t\t\t<\/div>\n\t\t\t\t\t<\/div>\n\t\t<\/div>\n\t\t\t\t<div class=\"elementor-column elementor-col-50 elementor-top-column elementor-element elementor-element-e5fdae0\" data-id=\"e5fdae0\" data-element_type=\"column\">\n\t\t\t<div class=\"elementor-widget-wrap elementor-element-populated\">\n\t\t\t\t\t\t<div class=\"elementor-element elementor-element-96b5b53 elementor-widget elementor-widget-image\" data-id=\"96b5b53\" data-element_type=\"widget\" data-widget_type=\"image.default\">\n\t\t\t\t<div class=\"elementor-widget-container\">\n\t\t\t\t\t\t\t\t\t\t\t\t\t<img fetchpriority=\"high\" decoding=\"async\" width=\"392\" height=\"316\" src=\"http:\/\/ligecarto.com\/wp-content\/uploads\/2021\/03\/15.png\" class=\"attachment-full size-full wp-image-565\" alt=\"\" srcset=\"http:\/\/ligecarto.com\/wp-content\/uploads\/2021\/03\/15.png 392w, http:\/\/ligecarto.com\/wp-content\/uploads\/2021\/03\/15-300x242.png 300w\" sizes=\"(max-width: 392px) 100vw, 392px\" \/>\t\t\t\t\t\t\t\t\t\t\t\t\t<\/div>\n\t\t\t\t<\/div>\n\t\t\t\t\t<\/div>\n\t\t<\/div>\n\t\t\t\t\t<\/div>\n\t\t<\/section>\n\t\t\t\t<section class=\"elementor-section elementor-top-section elementor-element elementor-element-e90a943 elementor-section-boxed elementor-section-height-default elementor-section-height-default\" data-id=\"e90a943\" data-element_type=\"section\">\n\t\t\t\t\t\t<div class=\"elementor-container elementor-column-gap-default\">\n\t\t\t\t\t<div class=\"elementor-column elementor-col-50 elementor-top-column elementor-element elementor-element-2126f92\" data-id=\"2126f92\" data-element_type=\"column\">\n\t\t\t<div class=\"elementor-widget-wrap elementor-element-populated\">\n\t\t\t\t\t\t<div class=\"elementor-element elementor-element-43a347a elementor-widget elementor-widget-heading\" data-id=\"43a347a\" data-element_type=\"widget\" data-widget_type=\"heading.default\">\n\t\t\t\t<div class=\"elementor-widget-container\">\n\t\t\t<h4 class=\"elementor-heading-title elementor-size-default\">Mon Exp\u00e9rience en Course d'Orientation<\/h4>\t\t<\/div>\n\t\t\t\t<\/div>\n\t\t\t\t<div class=\"elementor-element elementor-element-7818b1a elementor-widget-divider--view-line elementor-widget elementor-widget-divider\" data-id=\"7818b1a\" data-element_type=\"widget\" data-widget_type=\"divider.default\">\n\t\t\t\t<div class=\"elementor-widget-container\">\n\t\t\t\t\t<div class=\"elementor-divider\">\n\t\t\t<span class=\"elementor-divider-separator\">\n\t\t\t\t\t\t<\/span>\n\t\t<\/div>\n\t\t\t\t<\/div>\n\t\t\t\t<\/div>\n\t\t\t\t<div class=\"elementor-element elementor-element-d8f9f49 elementor-widget elementor-widget-text-editor\" data-id=\"d8f9f49\" data-element_type=\"widget\" data-widget_type=\"text-editor.default\">\n\t\t\t\t<div class=\"elementor-widget-container\">\n\t\t\t\t\t\t\t<p>J&rsquo;ai commenc\u00e9 la course d\u2019orientation au club Nature Orientation Saint-Etienne (NOSE)\u00a0 apr\u00e8s avoir d\u00e9couvert la discipline au coll\u00e8ge. Apr\u00e8s 2 ann\u00e9es d\u2019entrainement, j\u2019ai particip\u00e9 au championnat d\u2019Europe des jeunes (France 2012) et int\u00e9gr\u00e9 l\u2019\u00e9quipe de France Cadet. Depuis, je compte 7 titres de champion de France et 6 s\u00e9lections en \u00e9quipe nationale cadet, junior et s\u00e9nior (Coupe d\u2019Europe junior, Championnat du monde Junior et Coupe du Monde s\u00e9nior).<\/p>\t\t\t\t\t\t<\/div>\n\t\t\t\t<\/div>\n\t\t\t\t\t<\/div>\n\t\t<\/div>\n\t\t\t\t<div class=\"elementor-column elementor-col-50 elementor-top-column elementor-element elementor-element-e03a328\" data-id=\"e03a328\" data-element_type=\"column\">\n\t\t\t<div class=\"elementor-widget-wrap elementor-element-populated\">\n\t\t\t\t\t\t<div class=\"elementor-element elementor-element-903c186 elementor-widget elementor-widget-heading\" data-id=\"903c186\" data-element_type=\"widget\" data-widget_type=\"heading.default\">\n\t\t\t\t<div class=\"elementor-widget-container\">\n\t\t\t<h4 class=\"elementor-heading-title elementor-size-default\">Materiel Utilis\u00e9<\/h4>\t\t<\/div>\n\t\t\t\t<\/div>\n\t\t\t\t<div class=\"elementor-element elementor-element-23d597c elementor-widget-divider--view-line elementor-widget elementor-widget-divider\" data-id=\"23d597c\" data-element_type=\"widget\" data-widget_type=\"divider.default\">\n\t\t\t\t<div class=\"elementor-widget-container\">\n\t\t\t\t\t<div class=\"elementor-divider\">\n\t\t\t<span class=\"elementor-divider-separator\">\n\t\t\t\t\t\t<\/span>\n\t\t<\/div>\n\t\t\t\t<\/div>\n\t\t\t\t<\/div>\n\t\t\t\t<div class=\"elementor-element elementor-element-6d1a71e elementor-widget elementor-widget-text-editor\" data-id=\"6d1a71e\" data-element_type=\"widget\" data-widget_type=\"text-editor.default\">\n\t\t\t\t<div class=\"elementor-widget-container\">\n\t\t\t\t\t\t\t<p>J&rsquo;utilise du mat\u00e9riel professionnel pour plus de pr\u00e9cision et de qualit\u00e9 dans mon travail:<\/p>\t\t\t\t\t\t<\/div>\n\t\t\t\t<\/div>\n\t\t\t\t<div class=\"elementor-element elementor-element-f96c87e elementor-icon-list--layout-traditional elementor-list-item-link-full_width elementor-widget elementor-widget-icon-list\" data-id=\"f96c87e\" data-element_type=\"widget\" data-widget_type=\"icon-list.default\">\n\t\t\t\t<div class=\"elementor-widget-container\">\n\t\t\t\t\t<ul class=\"elementor-icon-list-items\">\n\t\t\t\t\t\t\t<li class=\"elementor-icon-list-item\">\n\t\t\t\t\t\t\t\t\t\t\t<span class=\"elementor-icon-list-icon\">\n\t\t\t\t\t\t\t<i aria-hidden=\"true\" class=\"fas fa-minus\"><\/i>\t\t\t\t\t\t<\/span>\n\t\t\t\t\t\t\t\t\t\t<span class=\"elementor-icon-list-text\">GPS Trimble R1 (5 constellations de satellite)<\/span>\n\t\t\t\t\t\t\t\t\t<\/li>\n\t\t\t\t\t\t\t\t<li class=\"elementor-icon-list-item\">\n\t\t\t\t\t\t\t\t\t\t\t<span class=\"elementor-icon-list-icon\">\n\t\t\t\t\t\t\t<i aria-hidden=\"true\" class=\"fas fa-minus\"><\/i>\t\t\t\t\t\t<\/span>\n\t\t\t\t\t\t\t\t\t\t<span class=\"elementor-icon-list-text\">Tablette Panasonic FZ-G1<\/span>\n\t\t\t\t\t\t\t\t\t<\/li>\n\t\t\t\t\t\t\t\t<li class=\"elementor-icon-list-item\">\n\t\t\t\t\t\t\t\t\t\t\t<span class=\"elementor-icon-list-icon\">\n\t\t\t\t\t\t\t<i aria-hidden=\"true\" class=\"fas fa-minus\"><\/i>\t\t\t\t\t\t<\/span>\n\t\t\t\t\t\t\t\t\t\t<span class=\"elementor-icon-list-text\">Logiciel OCAD 2020<\/span>\n\t\t\t\t\t\t\t\t\t<\/li>\n\t\t\t\t\t\t<\/ul>\n\t\t\t\t<\/div>\n\t\t\t\t<\/div>\n\t\t\t\t\t<\/div>\n\t\t<\/div>\n\t\t\t\t\t<\/div>\n\t\t<\/section>\n\t\t\t\t<\/div>\n\t\t","protected":false},"excerpt":{"rendered":"<p>Qui Suis Je ? Corentin ROUX Titulaire d&rsquo;une licence professionnelle Etude Statistique et Syst\u00e8me d\u2019Information G\u00e9ographique que j\u2019ai effectu\u00e9e en alternance. C\u2019est apr\u00e8s quelques ann\u00e9es de travail en cartographie et relev\u00e9 de r\u00e9seau d\u2019eau que je me suis sp\u00e9cialis\u00e9 dans la cartographie de course d\u2019orientation dans laquelle je travaille depuis 2018 en tant qu\u2019auto entrepreneur. [&hellip;]<\/p>\n","protected":false},"author":1,"featured_media":0,"parent":0,"menu_order":0,"comment_status":"closed","ping_status":"closed","template":"elementor_header_footer","meta":{"site-sidebar-layout":"no-sidebar","site-content-layout":"page-builder","ast-site-content-layout":"","site-content-style":"default","site-sidebar-style":"default","ast-global-header-display":"","ast-banner-title-visibility":"","ast-main-header-display":"","ast-hfb-above-header-display":"","ast-hfb-below-header-display":"","ast-hfb-mobile-header-display":"","site-post-title":"disabled","ast-breadcrumbs-content":"","ast-featured-img":"disabled","footer-sml-layout":"","theme-transparent-header-meta":"enabled","adv-header-id-meta":"","stick-header-meta":"","header-above-stick-meta":"","header-main-stick-meta":"","header-below-stick-meta":"","astra-migrate-meta-layouts":"default","ast-page-background-enabled":"default","ast-page-background-meta":{"desktop":{"background-color":"","background-image":"","background-repeat":"repeat","background-position":"center center","background-size":"auto","background-attachment":"scroll","background-type":"","background-media":"","overlay-type":"","overlay-color":"","overlay-gradient":""},"tablet":{"background-color":"","background-image":"","background-repeat":"repeat","background-position":"center center","background-size":"auto","background-attachment":"scroll","background-type":"","background-media":"","overlay-type":"","overlay-color":"","overlay-gradient":""},"mobile":{"background-color":"","background-image":"","background-repeat":"repeat","background-position":"center center","background-size":"auto","background-attachment":"scroll","background-type":"","background-media":"","overlay-type":"","overlay-color":"","overlay-gradient":""}},"ast-content-background-meta":{"desktop":{"background-color":"var(--ast-global-color-5)","background-image":"","background-repeat":"repeat","background-position":"center center","background-size":"auto","background-attachment":"scroll","background-type":"","background-media":"","overlay-type":"","overlay-color":"","overlay-gradient":""},"tablet":{"background-color":"var(--ast-global-color-5)","background-image":"","background-repeat":"repeat","background-position":"center center","background-size":"auto","background-attachment":"scroll","background-type":"","background-media":"","overlay-type":"","overlay-color":"","overlay-gradient":""},"mobile":{"background-color":"var(--ast-global-color-5)","background-image":"","background-repeat":"repeat","background-position":"center center","background-size":"auto","background-attachment":"scroll","background-type":"","background-media":"","overlay-type":"","overlay-color":"","overlay-gradient":""}},"footnotes":""},"class_list":["post-5","page","type-page","status-publish","hentry"],"yoast_head":"<!-- This site is optimized with the Yoast SEO plugin v23.4 - https:\/\/yoast.com\/wordpress\/plugins\/seo\/ -->\n<title>Qui suis-je ? - Lig\u00e9Cart&#039;O<\/title>\n<meta name=\"robots\" content=\"index, follow, max-snippet:-1, max-image-preview:large, max-video-preview:-1\" \/>\n<link rel=\"canonical\" href=\"http:\/\/ligecarto.com\/index.php\/about\/\" \/>\n<meta property=\"og:locale\" content=\"fr_FR\" \/>\n<meta property=\"og:type\" content=\"article\" \/>\n<meta property=\"og:title\" content=\"Qui suis-je ? - Lig\u00e9Cart&#039;O\" \/>\n<meta property=\"og:description\" content=\"Qui Suis Je ? Corentin ROUX Titulaire d&rsquo;une licence professionnelle Etude Statistique et Syst\u00e8me d\u2019Information G\u00e9ographique que j\u2019ai effectu\u00e9e en alternance. C\u2019est apr\u00e8s quelques ann\u00e9es de travail en cartographie et relev\u00e9 de r\u00e9seau d\u2019eau que je me suis sp\u00e9cialis\u00e9 dans la cartographie de course d\u2019orientation dans laquelle je travaille depuis 2018 en tant qu\u2019auto entrepreneur. [&hellip;]\" \/>\n<meta property=\"og:url\" content=\"http:\/\/ligecarto.com\/index.php\/about\/\" \/>\n<meta property=\"og:site_name\" content=\"Lig\u00e9Cart&#039;O\" \/>\n<meta property=\"article:modified_time\" content=\"2021-03-15T14:04:59+00:00\" \/>\n<meta property=\"og:image\" content=\"http:\/\/ligecarto.com\/wp-content\/uploads\/2021\/03\/15.png\" \/>\n<meta name=\"twitter:card\" content=\"summary_large_image\" \/>\n<meta name=\"twitter:label1\" content=\"Dur\u00e9e de lecture estim\u00e9e\" \/>\n\t<meta name=\"twitter:data1\" content=\"2 minutes\" \/>\n<script type=\"application\/ld+json\" class=\"yoast-schema-graph\">{\"@context\":\"https:\/\/schema.org\",\"@graph\":[{\"@type\":\"WebPage\",\"@id\":\"http:\/\/ligecarto.com\/index.php\/about\/\",\"url\":\"http:\/\/ligecarto.com\/index.php\/about\/\",\"name\":\"Qui suis-je ? - Lig\u00e9Cart&#039;O\",\"isPartOf\":{\"@id\":\"http:\/\/ligecarto.com\/#website\"},\"primaryImageOfPage\":{\"@id\":\"http:\/\/ligecarto.com\/index.php\/about\/#primaryimage\"},\"image\":{\"@id\":\"http:\/\/ligecarto.com\/index.php\/about\/#primaryimage\"},\"thumbnailUrl\":\"http:\/\/ligecarto.com\/wp-content\/uploads\/2021\/03\/15.png\",\"datePublished\":\"2018-11-27T09:17:08+00:00\",\"dateModified\":\"2021-03-15T14:04:59+00:00\",\"breadcrumb\":{\"@id\":\"http:\/\/ligecarto.com\/index.php\/about\/#breadcrumb\"},\"inLanguage\":\"fr-FR\",\"potentialAction\":[{\"@type\":\"ReadAction\",\"target\":[\"http:\/\/ligecarto.com\/index.php\/about\/\"]}]},{\"@type\":\"ImageObject\",\"inLanguage\":\"fr-FR\",\"@id\":\"http:\/\/ligecarto.com\/index.php\/about\/#primaryimage\",\"url\":\"http:\/\/ligecarto.com\/wp-content\/uploads\/2021\/03\/15.png\",\"contentUrl\":\"http:\/\/ligecarto.com\/wp-content\/uploads\/2021\/03\/15.png\",\"width\":392,\"height\":316},{\"@type\":\"BreadcrumbList\",\"@id\":\"http:\/\/ligecarto.com\/index.php\/about\/#breadcrumb\",\"itemListElement\":[{\"@type\":\"ListItem\",\"position\":1,\"name\":\"Accueil\",\"item\":\"http:\/\/ligecarto.com\/\"},{\"@type\":\"ListItem\",\"position\":2,\"name\":\"Qui suis-je ?\"}]},{\"@type\":\"WebSite\",\"@id\":\"http:\/\/ligecarto.com\/#website\",\"url\":\"http:\/\/ligecarto.com\/\",\"name\":\"Lig\u00e9Cart&#039;O\",\"description\":\"\",\"publisher\":{\"@id\":\"http:\/\/ligecarto.com\/#organization\"},\"potentialAction\":[{\"@type\":\"SearchAction\",\"target\":{\"@type\":\"EntryPoint\",\"urlTemplate\":\"http:\/\/ligecarto.com\/?s={search_term_string}\"},\"query-input\":{\"@type\":\"PropertyValueSpecification\",\"valueRequired\":true,\"valueName\":\"search_term_string\"}}],\"inLanguage\":\"fr-FR\"},{\"@type\":\"Organization\",\"@id\":\"http:\/\/ligecarto.com\/#organization\",\"name\":\"Lig\u00e9Cart&#039;O\",\"url\":\"http:\/\/ligecarto.com\/\",\"logo\":{\"@type\":\"ImageObject\",\"inLanguage\":\"fr-FR\",\"@id\":\"http:\/\/ligecarto.com\/#\/schema\/logo\/image\/\",\"url\":\"http:\/\/ligecarto.com\/wp-content\/uploads\/2024\/01\/cropped-Logo_Ligecarto.png\",\"contentUrl\":\"http:\/\/ligecarto.com\/wp-content\/uploads\/2024\/01\/cropped-Logo_Ligecarto.png\",\"width\":258,\"height\":86,\"caption\":\"Lig\u00e9Cart&#039;O\"},\"image\":{\"@id\":\"http:\/\/ligecarto.com\/#\/schema\/logo\/image\/\"}}]}<\/script>\n<!-- \/ Yoast SEO plugin. -->","yoast_head_json":{"title":"Qui suis-je ? - Lig\u00e9Cart&#039;O","robots":{"index":"index","follow":"follow","max-snippet":"max-snippet:-1","max-image-preview":"max-image-preview:large","max-video-preview":"max-video-preview:-1"},"canonical":"http:\/\/ligecarto.com\/index.php\/about\/","og_locale":"fr_FR","og_type":"article","og_title":"Qui suis-je ? - Lig\u00e9Cart&#039;O","og_description":"Qui Suis Je ? Corentin ROUX Titulaire d&rsquo;une licence professionnelle Etude Statistique et Syst\u00e8me d\u2019Information G\u00e9ographique que j\u2019ai effectu\u00e9e en alternance. C\u2019est apr\u00e8s quelques ann\u00e9es de travail en cartographie et relev\u00e9 de r\u00e9seau d\u2019eau que je me suis sp\u00e9cialis\u00e9 dans la cartographie de course d\u2019orientation dans laquelle je travaille depuis 2018 en tant qu\u2019auto entrepreneur. [&hellip;]","og_url":"http:\/\/ligecarto.com\/index.php\/about\/","og_site_name":"Lig\u00e9Cart&#039;O","article_modified_time":"2021-03-15T14:04:59+00:00","og_image":[{"url":"http:\/\/ligecarto.com\/wp-content\/uploads\/2021\/03\/15.png"}],"twitter_card":"summary_large_image","twitter_misc":{"Dur\u00e9e de lecture estim\u00e9e":"2 minutes"},"schema":{"@context":"https:\/\/schema.org","@graph":[{"@type":"WebPage","@id":"http:\/\/ligecarto.com\/index.php\/about\/","url":"http:\/\/ligecarto.com\/index.php\/about\/","name":"Qui suis-je ? - Lig\u00e9Cart&#039;O","isPartOf":{"@id":"http:\/\/ligecarto.com\/#website"},"primaryImageOfPage":{"@id":"http:\/\/ligecarto.com\/index.php\/about\/#primaryimage"},"image":{"@id":"http:\/\/ligecarto.com\/index.php\/about\/#primaryimage"},"thumbnailUrl":"http:\/\/ligecarto.com\/wp-content\/uploads\/2021\/03\/15.png","datePublished":"2018-11-27T09:17:08+00:00","dateModified":"2021-03-15T14:04:59+00:00","breadcrumb":{"@id":"http:\/\/ligecarto.com\/index.php\/about\/#breadcrumb"},"inLanguage":"fr-FR","potentialAction":[{"@type":"ReadAction","target":["http:\/\/ligecarto.com\/index.php\/about\/"]}]},{"@type":"ImageObject","inLanguage":"fr-FR","@id":"http:\/\/ligecarto.com\/index.php\/about\/#primaryimage","url":"http:\/\/ligecarto.com\/wp-content\/uploads\/2021\/03\/15.png","contentUrl":"http:\/\/ligecarto.com\/wp-content\/uploads\/2021\/03\/15.png","width":392,"height":316},{"@type":"BreadcrumbList","@id":"http:\/\/ligecarto.com\/index.php\/about\/#breadcrumb","itemListElement":[{"@type":"ListItem","position":1,"name":"Accueil","item":"http:\/\/ligecarto.com\/"},{"@type":"ListItem","position":2,"name":"Qui suis-je ?"}]},{"@type":"WebSite","@id":"http:\/\/ligecarto.com\/#website","url":"http:\/\/ligecarto.com\/","name":"Lig\u00e9Cart&#039;O","description":"","publisher":{"@id":"http:\/\/ligecarto.com\/#organization"},"potentialAction":[{"@type":"SearchAction","target":{"@type":"EntryPoint","urlTemplate":"http:\/\/ligecarto.com\/?s={search_term_string}"},"query-input":{"@type":"PropertyValueSpecification","valueRequired":true,"valueName":"search_term_string"}}],"inLanguage":"fr-FR"},{"@type":"Organization","@id":"http:\/\/ligecarto.com\/#organization","name":"Lig\u00e9Cart&#039;O","url":"http:\/\/ligecarto.com\/","logo":{"@type":"ImageObject","inLanguage":"fr-FR","@id":"http:\/\/ligecarto.com\/#\/schema\/logo\/image\/","url":"http:\/\/ligecarto.com\/wp-content\/uploads\/2024\/01\/cropped-Logo_Ligecarto.png","contentUrl":"http:\/\/ligecarto.com\/wp-content\/uploads\/2024\/01\/cropped-Logo_Ligecarto.png","width":258,"height":86,"caption":"Lig\u00e9Cart&#039;O"},"image":{"@id":"http:\/\/ligecarto.com\/#\/schema\/logo\/image\/"}}]}},"_links":{"self":[{"href":"http:\/\/ligecarto.com\/index.php\/wp-json\/wp\/v2\/pages\/5"}],"collection":[{"href":"http:\/\/ligecarto.com\/index.php\/wp-json\/wp\/v2\/pages"}],"about":[{"href":"http:\/\/ligecarto.com\/index.php\/wp-json\/wp\/v2\/types\/page"}],"author":[{"embeddable":true,"href":"http:\/\/ligecarto.com\/index.php\/wp-json\/wp\/v2\/users\/1"}],"replies":[{"embeddable":true,"href":"http:\/\/ligecarto.com\/index.php\/wp-json\/wp\/v2\/comments?post=5"}],"version-history":[{"count":16,"href":"http:\/\/ligecarto.com\/index.php\/wp-json\/wp\/v2\/pages\/5\/revisions"}],"predecessor-version":[{"id":584,"href":"http:\/\/ligecarto.com\/index.php\/wp-json\/wp\/v2\/pages\/5\/revisions\/584"}],"wp:attachment":[{"href":"http:\/\/ligecarto.com\/index.php\/wp-json\/wp\/v2\/media?parent=5"}],"curies":[{"name":"wp","href":"https:\/\/api.w.org\/{rel}","templated":true}]}}