{"id":4,"date":"2018-11-27T09:16:54","date_gmt":"2018-11-27T09:16:54","guid":{"rendered":"http:\/\/ligecarto.com\/index.php\/home\/"},"modified":"2024-01-05T13:43:32","modified_gmt":"2024-01-05T12:43:32","slug":"home","status":"publish","type":"page","link":"http:\/\/ligecarto.com\/","title":{"rendered":"Home"},"content":{"rendered":"\t\t<div data-elementor-type=\"wp-page\" data-elementor-id=\"4\" class=\"elementor elementor-4\">\n\t\t\t\t\t\t<section class=\"elementor-section elementor-top-section elementor-element elementor-element-c50838b elementor-section-boxed elementor-section-height-default elementor-section-height-default\" data-id=\"c50838b\" data-element_type=\"section\" data-settings=\"{&quot;background_background&quot;:&quot;classic&quot;}\">\n\t\t\t\t\t\t\t<div class=\"elementor-background-overlay\"><\/div>\n\t\t\t\t\t\t\t<div class=\"elementor-container elementor-column-gap-default\">\n\t\t\t\t\t<div class=\"elementor-column elementor-col-33 elementor-top-column elementor-element elementor-element-2f84d6d\" data-id=\"2f84d6d\" data-element_type=\"column\">\n\t\t\t<div class=\"elementor-widget-wrap\">\n\t\t\t\t\t\t\t<\/div>\n\t\t<\/div>\n\t\t\t\t<div class=\"elementor-column elementor-col-33 elementor-top-column elementor-element elementor-element-55b0429\" data-id=\"55b0429\" data-element_type=\"column\">\n\t\t\t<div class=\"elementor-widget-wrap elementor-element-populated\">\n\t\t\t\t\t\t<div class=\"elementor-element elementor-element-453e782 elementor-widget elementor-widget-heading\" data-id=\"453e782\" data-element_type=\"widget\" data-widget_type=\"heading.default\">\n\t\t\t\t<div class=\"elementor-widget-container\">\n\t\t\t<h2 class=\"elementor-heading-title elementor-size-default\">des cartes \u00e0 port\u00e9e de mains !<\/h2>\t\t<\/div>\n\t\t\t\t<\/div>\n\t\t\t\t\t<\/div>\n\t\t<\/div>\n\t\t\t\t<div class=\"elementor-column elementor-col-33 elementor-top-column elementor-element elementor-element-79b148e\" data-id=\"79b148e\" data-element_type=\"column\">\n\t\t\t<div class=\"elementor-widget-wrap\">\n\t\t\t\t\t\t\t<\/div>\n\t\t<\/div>\n\t\t\t\t\t<\/div>\n\t\t<\/section>\n\t\t\t\t<section class=\"elementor-section elementor-top-section elementor-element elementor-element-01ffef0 elementor-section-boxed elementor-section-height-default elementor-section-height-default\" data-id=\"01ffef0\" data-element_type=\"section\">\n\t\t\t\t\t\t<div class=\"elementor-container elementor-column-gap-default\">\n\t\t\t\t\t<div class=\"elementor-column elementor-col-100 elementor-top-column elementor-element elementor-element-0aa0836\" data-id=\"0aa0836\" data-element_type=\"column\">\n\t\t\t<div class=\"elementor-widget-wrap elementor-element-populated\">\n\t\t\t\t\t\t<section class=\"elementor-section elementor-inner-section elementor-element elementor-element-66852a0 elementor-section-boxed elementor-section-height-default elementor-section-height-default\" data-id=\"66852a0\" data-element_type=\"section\">\n\t\t\t\t\t\t<div class=\"elementor-container elementor-column-gap-default\">\n\t\t\t\t\t<div class=\"elementor-column elementor-col-33 elementor-inner-column elementor-element elementor-element-0304c3f\" data-id=\"0304c3f\" data-element_type=\"column\">\n\t\t\t<div class=\"elementor-widget-wrap\">\n\t\t\t\t\t\t\t<\/div>\n\t\t<\/div>\n\t\t\t\t<div class=\"elementor-column elementor-col-33 elementor-inner-column elementor-element elementor-element-56e7952\" data-id=\"56e7952\" data-element_type=\"column\">\n\t\t\t<div class=\"elementor-widget-wrap elementor-element-populated\">\n\t\t\t\t\t\t<div class=\"elementor-element elementor-element-e5e7443 elementor-widget elementor-widget-heading\" data-id=\"e5e7443\" data-element_type=\"widget\" data-widget_type=\"heading.default\">\n\t\t\t\t<div class=\"elementor-widget-container\">\n\t\t\t<h2 class=\"elementor-heading-title elementor-size-default\">Cartographie de Course d'Orientation <\/h2>\t\t<\/div>\n\t\t\t\t<\/div>\n\t\t\t\t\t<\/div>\n\t\t<\/div>\n\t\t\t\t<div class=\"elementor-column elementor-col-33 elementor-inner-column elementor-element elementor-element-775de24\" data-id=\"775de24\" data-element_type=\"column\">\n\t\t\t<div class=\"elementor-widget-wrap\">\n\t\t\t\t\t\t\t<\/div>\n\t\t<\/div>\n\t\t\t\t\t<\/div>\n\t\t<\/section>\n\t\t\t\t<div class=\"elementor-element elementor-element-151b4b0 elementor-widget-divider--view-line elementor-widget elementor-widget-divider\" data-id=\"151b4b0\" data-element_type=\"widget\" data-widget_type=\"divider.default\">\n\t\t\t\t<div class=\"elementor-widget-container\">\n\t\t\t\t\t<div class=\"elementor-divider\">\n\t\t\t<span class=\"elementor-divider-separator\">\n\t\t\t\t\t\t<\/span>\n\t\t<\/div>\n\t\t\t\t<\/div>\n\t\t\t\t<\/div>\n\t\t\t\t<div class=\"elementor-element elementor-element-e939977 elementor-widget elementor-widget-text-editor\" data-id=\"e939977\" data-element_type=\"widget\" data-widget_type=\"text-editor.default\">\n\t\t\t\t<div class=\"elementor-widget-container\">\n\t\t\t\t\t\t\t<p>Pour la pratique comp\u00e9titive, loisir ou scolaire et respectant les sp\u00e9cifications de l&rsquo;IOF et de la FFCO<\/p>\t\t\t\t\t\t<\/div>\n\t\t\t\t<\/div>\n\t\t\t\t<section class=\"elementor-section elementor-inner-section elementor-element elementor-element-5415cda elementor-section-boxed elementor-section-height-default elementor-section-height-default\" data-id=\"5415cda\" data-element_type=\"section\">\n\t\t\t\t\t\t<div class=\"elementor-container elementor-column-gap-default\">\n\t\t\t\t\t<div class=\"elementor-column elementor-col-50 elementor-inner-column elementor-element elementor-element-2c614c4\" data-id=\"2c614c4\" data-element_type=\"column\">\n\t\t\t<div class=\"elementor-widget-wrap elementor-element-populated\">\n\t\t\t\t\t\t<div class=\"elementor-element elementor-element-7da6c6c elementor-widget elementor-widget-image\" data-id=\"7da6c6c\" data-element_type=\"widget\" data-widget_type=\"image.default\">\n\t\t\t\t<div class=\"elementor-widget-container\">\n\t\t\t\t\t\t\t\t\t\t\t\t\t<img fetchpriority=\"high\" decoding=\"async\" width=\"827\" height=\"827\" src=\"http:\/\/ligecarto.com\/wp-content\/uploads\/2020\/12\/La_Barillette_3.png\" class=\"attachment-full size-full wp-image-335\" alt=\"\" srcset=\"http:\/\/ligecarto.com\/wp-content\/uploads\/2020\/12\/La_Barillette_3.png 827w, http:\/\/ligecarto.com\/wp-content\/uploads\/2020\/12\/La_Barillette_3-300x300.png 300w, http:\/\/ligecarto.com\/wp-content\/uploads\/2020\/12\/La_Barillette_3-150x150.png 150w, http:\/\/ligecarto.com\/wp-content\/uploads\/2020\/12\/La_Barillette_3-768x768.png 768w, http:\/\/ligecarto.com\/wp-content\/uploads\/2020\/12\/La_Barillette_3-480x480.png 480w, http:\/\/ligecarto.com\/wp-content\/uploads\/2020\/12\/La_Barillette_3-50x50.png 50w\" sizes=\"(max-width: 827px) 100vw, 827px\" \/>\t\t\t\t\t\t\t\t\t\t\t\t\t<\/div>\n\t\t\t\t<\/div>\n\t\t\t\t<div class=\"elementor-element elementor-element-ba141ea elementor-widget elementor-widget-image-box\" data-id=\"ba141ea\" data-element_type=\"widget\" data-widget_type=\"image-box.default\">\n\t\t\t\t<div class=\"elementor-widget-container\">\n\t\t\t<div class=\"elementor-image-box-wrapper\"><div class=\"elementor-image-box-content\"><h5 class=\"elementor-image-box-title\">Carte For\u00eat<\/h5><p class=\"elementor-image-box-description\">Pour des cartes de comp\u00e9titions, d'entrainement et de proximit\u00e9 respectant la sp\u00e9cification ISOM 2017<\/p><\/div><\/div>\t\t<\/div>\n\t\t\t\t<\/div>\n\t\t\t\t<div class=\"elementor-element elementor-element-4cc62c7 elementor-align-center elementor-widget elementor-widget-button\" data-id=\"4cc62c7\" data-element_type=\"widget\" data-widget_type=\"button.default\">\n\t\t\t\t<div class=\"elementor-widget-container\">\n\t\t\t\t\t<div class=\"elementor-button-wrapper\">\n\t\t\t<a class=\"elementor-button elementor-button-link elementor-size-sm\" href=\"https:\/\/ligecarto.com\/index.php\/services\/\">\n\t\t\t\t\t\t<span class=\"elementor-button-content-wrapper\">\n\t\t\t\t\t\t<span class=\"elementor-button-icon\">\n\t\t\t\t<i aria-hidden=\"true\" class=\"fas fa-long-arrow-alt-right\"><\/i>\t\t\t<\/span>\n\t\t\t\t\t\t\t\t\t<span class=\"elementor-button-text\">Mes Services<\/span>\n\t\t\t\t\t<\/span>\n\t\t\t\t\t<\/a>\n\t\t<\/div>\n\t\t\t\t<\/div>\n\t\t\t\t<\/div>\n\t\t\t\t\t<\/div>\n\t\t<\/div>\n\t\t\t\t<div class=\"elementor-column elementor-col-50 elementor-inner-column elementor-element elementor-element-1aaf044\" data-id=\"1aaf044\" data-element_type=\"column\">\n\t\t\t<div class=\"elementor-widget-wrap elementor-element-populated\">\n\t\t\t\t\t\t<div class=\"elementor-element elementor-element-0cc4d06 elementor-widget elementor-widget-image\" data-id=\"0cc4d06\" data-element_type=\"widget\" data-widget_type=\"image.default\">\n\t\t\t\t<div class=\"elementor-widget-container\">\n\t\t\t\t\t\t\t\t\t\t\t\t\t<img decoding=\"async\" width=\"1536\" height=\"1384\" src=\"http:\/\/ligecarto.com\/wp-content\/uploads\/2020\/08\/Romagnat.jpg\" class=\"attachment-full size-full wp-image-238\" alt=\"\" srcset=\"http:\/\/ligecarto.com\/wp-content\/uploads\/2020\/08\/Romagnat.jpg 1536w, http:\/\/ligecarto.com\/wp-content\/uploads\/2020\/08\/Romagnat-300x270.jpg 300w, http:\/\/ligecarto.com\/wp-content\/uploads\/2020\/08\/Romagnat-1024x923.jpg 1024w, http:\/\/ligecarto.com\/wp-content\/uploads\/2020\/08\/Romagnat-768x692.jpg 768w, http:\/\/ligecarto.com\/wp-content\/uploads\/2020\/08\/Romagnat-1080x973.jpg 1080w, http:\/\/ligecarto.com\/wp-content\/uploads\/2020\/08\/Romagnat-1280x1153.jpg 1280w, http:\/\/ligecarto.com\/wp-content\/uploads\/2020\/08\/Romagnat-980x883.jpg 980w, http:\/\/ligecarto.com\/wp-content\/uploads\/2020\/08\/Romagnat-480x433.jpg 480w\" sizes=\"(max-width: 1536px) 100vw, 1536px\" \/>\t\t\t\t\t\t\t\t\t\t\t\t\t<\/div>\n\t\t\t\t<\/div>\n\t\t\t\t<div class=\"elementor-element elementor-element-7c7a6b0 elementor-widget elementor-widget-image-box\" data-id=\"7c7a6b0\" data-element_type=\"widget\" data-widget_type=\"image-box.default\">\n\t\t\t\t<div class=\"elementor-widget-container\">\n\t\t\t<div class=\"elementor-image-box-wrapper\"><div class=\"elementor-image-box-content\"><h5 class=\"elementor-image-box-title\">Carte Urbaine <\/h5><p class=\"elementor-image-box-description\">Pour des cartes de comp\u00e9titions, d'entrainement et de proximit\u00e9 respectant la sp\u00e9cification ISSprOM 2019<\/p><\/div><\/div>\t\t<\/div>\n\t\t\t\t<\/div>\n\t\t\t\t<div class=\"elementor-element elementor-element-874b8fb elementor-align-center elementor-widget elementor-widget-button\" data-id=\"874b8fb\" data-element_type=\"widget\" data-widget_type=\"button.default\">\n\t\t\t\t<div class=\"elementor-widget-container\">\n\t\t\t\t\t<div class=\"elementor-button-wrapper\">\n\t\t\t<a class=\"elementor-button elementor-button-link elementor-size-sm\" href=\"https:\/\/ligecarto.com\/index.php\/services\/\">\n\t\t\t\t\t\t<span class=\"elementor-button-content-wrapper\">\n\t\t\t\t\t\t<span class=\"elementor-button-icon\">\n\t\t\t\t<i aria-hidden=\"true\" class=\"fas fa-long-arrow-alt-right\"><\/i>\t\t\t<\/span>\n\t\t\t\t\t\t\t\t\t<span class=\"elementor-button-text\">Mes Services<\/span>\n\t\t\t\t\t<\/span>\n\t\t\t\t\t<\/a>\n\t\t<\/div>\n\t\t\t\t<\/div>\n\t\t\t\t<\/div>\n\t\t\t\t\t<\/div>\n\t\t<\/div>\n\t\t\t\t\t<\/div>\n\t\t<\/section>\n\t\t\t\t\t<\/div>\n\t\t<\/div>\n\t\t\t\t\t<\/div>\n\t\t<\/section>\n\t\t\t\t<section class=\"elementor-section elementor-top-section elementor-element elementor-element-51af88c elementor-section-boxed elementor-section-height-default elementor-section-height-default\" data-id=\"51af88c\" data-element_type=\"section\" data-settings=\"{&quot;background_background&quot;:&quot;classic&quot;}\">\n\t\t\t\t\t\t\t<div class=\"elementor-background-overlay\"><\/div>\n\t\t\t\t\t\t\t<div class=\"elementor-container elementor-column-gap-default\">\n\t\t\t\t\t<div class=\"elementor-column elementor-col-33 elementor-top-column elementor-element elementor-element-a9a69dd\" data-id=\"a9a69dd\" data-element_type=\"column\">\n\t\t\t<div class=\"elementor-widget-wrap elementor-element-populated\">\n\t\t\t\t\t\t<div class=\"elementor-element elementor-element-903dcf2 elementor-widget elementor-widget-heading\" data-id=\"903dcf2\" data-element_type=\"widget\" data-widget_type=\"heading.default\">\n\t\t\t\t<div class=\"elementor-widget-container\">\n\t\t\t<h2 class=\"elementor-heading-title elementor-size-default\">Qui Suis je ?<\/h2>\t\t<\/div>\n\t\t\t\t<\/div>\n\t\t\t\t<div class=\"elementor-element elementor-element-1694eb3 elementor-widget-divider--view-line elementor-widget elementor-widget-divider\" data-id=\"1694eb3\" data-element_type=\"widget\" data-widget_type=\"divider.default\">\n\t\t\t\t<div class=\"elementor-widget-container\">\n\t\t\t\t\t<div class=\"elementor-divider\">\n\t\t\t<span class=\"elementor-divider-separator\">\n\t\t\t\t\t\t<\/span>\n\t\t<\/div>\n\t\t\t\t<\/div>\n\t\t\t\t<\/div>\n\t\t\t\t<div class=\"elementor-element elementor-element-c07d6ad elementor-widget elementor-widget-text-editor\" data-id=\"c07d6ad\" data-element_type=\"widget\" data-widget_type=\"text-editor.default\">\n\t\t\t\t<div class=\"elementor-widget-container\">\n\t\t\t\t\t\t\t<p>Un orienteur st\u00e9phanois passionn\u00e9 par la cartographie<\/p><p>Athl\u00e8te de haut-niveau depuis plus de 10 ans en \u00e9quipe de France de course d&rsquo;orientation.<\/p>\t\t\t\t\t\t<\/div>\n\t\t\t\t<\/div>\n\t\t\t\t<div class=\"elementor-element elementor-element-3ab74e6 elementor-align-left elementor-mobile-align-center elementor-widget elementor-widget-button\" data-id=\"3ab74e6\" data-element_type=\"widget\" data-widget_type=\"button.default\">\n\t\t\t\t<div class=\"elementor-widget-container\">\n\t\t\t\t\t<div class=\"elementor-button-wrapper\">\n\t\t\t<a class=\"elementor-button elementor-button-link elementor-size-sm\" href=\"http:\/\/ligecarto.com\/index.php\/about\/\">\n\t\t\t\t\t\t<span class=\"elementor-button-content-wrapper\">\n\t\t\t\t\t\t<span class=\"elementor-button-icon\">\n\t\t\t\t<i aria-hidden=\"true\" class=\"fas fa-long-arrow-alt-right\"><\/i>\t\t\t<\/span>\n\t\t\t\t\t\t\t\t\t<span class=\"elementor-button-text\">en savoir plus<\/span>\n\t\t\t\t\t<\/span>\n\t\t\t\t\t<\/a>\n\t\t<\/div>\n\t\t\t\t<\/div>\n\t\t\t\t<\/div>\n\t\t\t\t\t<\/div>\n\t\t<\/div>\n\t\t\t\t<div class=\"elementor-column elementor-col-66 elementor-top-column elementor-element elementor-element-b0bec06\" data-id=\"b0bec06\" data-element_type=\"column\">\n\t\t\t<div class=\"elementor-widget-wrap\">\n\t\t\t\t\t\t\t<\/div>\n\t\t<\/div>\n\t\t\t\t\t<\/div>\n\t\t<\/section>\n\t\t\t\t<\/div>\n\t\t","protected":false},"excerpt":{"rendered":"<p>des cartes \u00e0 port\u00e9e de mains ! Cartographie de Course d&rsquo;Orientation Pour la pratique comp\u00e9titive, loisir ou scolaire et respectant les sp\u00e9cifications de l&rsquo;IOF et de la FFCO Carte For\u00eat Pour des cartes de comp\u00e9titions, d&rsquo;entrainement et de proximit\u00e9 respectant la sp\u00e9cification ISOM 2017 Mes Services Carte Urbaine Pour des cartes de comp\u00e9titions, d&rsquo;entrainement et [&hellip;]<\/p>\n","protected":false},"author":1,"featured_media":0,"parent":0,"menu_order":0,"comment_status":"closed","ping_status":"closed","template":"elementor_header_footer","meta":{"site-sidebar-layout":"no-sidebar","site-content-layout":"page-builder","ast-site-content-layout":"","site-content-style":"default","site-sidebar-style":"default","ast-global-header-display":"","ast-banner-title-visibility":"","ast-main-header-display":"","ast-hfb-above-header-display":"","ast-hfb-below-header-display":"","ast-hfb-mobile-header-display":"","site-post-title":"disabled","ast-breadcrumbs-content":"","ast-featured-img":"disabled","footer-sml-layout":"","theme-transparent-header-meta":"enabled","adv-header-id-meta":"","stick-header-meta":"","header-above-stick-meta":"","header-main-stick-meta":"","header-below-stick-meta":"","astra-migrate-meta-layouts":"default","ast-page-background-enabled":"default","ast-page-background-meta":{"desktop":{"background-color":"","background-image":"","background-repeat":"repeat","background-position":"center center","background-size":"auto","background-attachment":"scroll","background-type":"","background-media":"","overlay-type":"","overlay-color":"","overlay-gradient":""},"tablet":{"background-color":"","background-image":"","background-repeat":"repeat","background-position":"center center","background-size":"auto","background-attachment":"scroll","background-type":"","background-media":"","overlay-type":"","overlay-color":"","overlay-gradient":""},"mobile":{"background-color":"","background-image":"","background-repeat":"repeat","background-position":"center center","background-size":"auto","background-attachment":"scroll","background-type":"","background-media":"","overlay-type":"","overlay-color":"","overlay-gradient":""}},"ast-content-background-meta":{"desktop":{"background-color":"var(--ast-global-color-5)","background-image":"","background-repeat":"repeat","background-position":"center center","background-size":"auto","background-attachment":"scroll","background-type":"","background-media":"","overlay-type":"","overlay-color":"","overlay-gradient":""},"tablet":{"background-color":"var(--ast-global-color-5)","background-image":"","background-repeat":"repeat","background-position":"center center","background-size":"auto","background-attachment":"scroll","background-type":"","background-media":"","overlay-type":"","overlay-color":"","overlay-gradient":""},"mobile":{"background-color":"var(--ast-global-color-5)","background-image":"","background-repeat":"repeat","background-position":"center center","background-size":"auto","background-attachment":"scroll","background-type":"","background-media":"","overlay-type":"","overlay-color":"","overlay-gradient":""}},"footnotes":""},"class_list":["post-4","page","type-page","status-publish","hentry"],"yoast_head":"<!-- This site is optimized with the Yoast SEO plugin v23.4 - https:\/\/yoast.com\/wordpress\/plugins\/seo\/ -->\n<title>Home - Lig\u00e9Cart&#039;O<\/title>\n<meta name=\"robots\" content=\"index, follow, max-snippet:-1, max-image-preview:large, max-video-preview:-1\" \/>\n<link rel=\"canonical\" href=\"http:\/\/ligecarto.com\/\" \/>\n<meta property=\"og:locale\" content=\"fr_FR\" \/>\n<meta property=\"og:type\" content=\"article\" \/>\n<meta property=\"og:title\" content=\"Home - Lig\u00e9Cart&#039;O\" \/>\n<meta property=\"og:description\" content=\"des cartes \u00e0 port\u00e9e de mains ! Cartographie de Course d&rsquo;Orientation Pour la pratique comp\u00e9titive, loisir ou scolaire et respectant les sp\u00e9cifications de l&rsquo;IOF et de la FFCO Carte For\u00eat Pour des cartes de comp\u00e9titions, d&rsquo;entrainement et de proximit\u00e9 respectant la sp\u00e9cification ISOM 2017 Mes Services Carte Urbaine Pour des cartes de comp\u00e9titions, d&rsquo;entrainement et [&hellip;]\" \/>\n<meta property=\"og:url\" content=\"http:\/\/ligecarto.com\/\" \/>\n<meta property=\"og:site_name\" content=\"Lig\u00e9Cart&#039;O\" \/>\n<meta property=\"article:modified_time\" content=\"2024-01-05T12:43:32+00:00\" \/>\n<meta property=\"og:image\" content=\"http:\/\/ligecarto.com\/wp-content\/uploads\/2020\/12\/La_Barillette_3.png\" \/>\n<meta name=\"twitter:card\" content=\"summary_large_image\" \/>\n<meta name=\"twitter:label1\" content=\"Dur\u00e9e de lecture estim\u00e9e\" \/>\n\t<meta name=\"twitter:data1\" content=\"1 minute\" \/>\n<script type=\"application\/ld+json\" class=\"yoast-schema-graph\">{\"@context\":\"https:\/\/schema.org\",\"@graph\":[{\"@type\":\"WebPage\",\"@id\":\"http:\/\/ligecarto.com\/\",\"url\":\"http:\/\/ligecarto.com\/\",\"name\":\"Home - Lig\u00e9Cart&#039;O\",\"isPartOf\":{\"@id\":\"http:\/\/ligecarto.com\/#website\"},\"primaryImageOfPage\":{\"@id\":\"http:\/\/ligecarto.com\/#primaryimage\"},\"image\":{\"@id\":\"http:\/\/ligecarto.com\/#primaryimage\"},\"thumbnailUrl\":\"http:\/\/ligecarto.com\/wp-content\/uploads\/2020\/12\/La_Barillette_3.png\",\"datePublished\":\"2018-11-27T09:16:54+00:00\",\"dateModified\":\"2024-01-05T12:43:32+00:00\",\"breadcrumb\":{\"@id\":\"http:\/\/ligecarto.com\/#breadcrumb\"},\"inLanguage\":\"fr-FR\",\"potentialAction\":[{\"@type\":\"ReadAction\",\"target\":[\"http:\/\/ligecarto.com\/\"]}]},{\"@type\":\"ImageObject\",\"inLanguage\":\"fr-FR\",\"@id\":\"http:\/\/ligecarto.com\/#primaryimage\",\"url\":\"http:\/\/ligecarto.com\/wp-content\/uploads\/2020\/12\/La_Barillette_3.png\",\"contentUrl\":\"http:\/\/ligecarto.com\/wp-content\/uploads\/2020\/12\/La_Barillette_3.png\",\"width\":827,\"height\":827},{\"@type\":\"BreadcrumbList\",\"@id\":\"http:\/\/ligecarto.com\/#breadcrumb\",\"itemListElement\":[{\"@type\":\"ListItem\",\"position\":1,\"name\":\"Accueil\",\"item\":\"http:\/\/ligecarto.com\/\"},{\"@type\":\"ListItem\",\"position\":2,\"name\":\"Home\"}]},{\"@type\":\"WebSite\",\"@id\":\"http:\/\/ligecarto.com\/#website\",\"url\":\"http:\/\/ligecarto.com\/\",\"name\":\"Lig\u00e9Cart&#039;O\",\"description\":\"\",\"publisher\":{\"@id\":\"http:\/\/ligecarto.com\/#organization\"},\"potentialAction\":[{\"@type\":\"SearchAction\",\"target\":{\"@type\":\"EntryPoint\",\"urlTemplate\":\"http:\/\/ligecarto.com\/?s={search_term_string}\"},\"query-input\":{\"@type\":\"PropertyValueSpecification\",\"valueRequired\":true,\"valueName\":\"search_term_string\"}}],\"inLanguage\":\"fr-FR\"},{\"@type\":\"Organization\",\"@id\":\"http:\/\/ligecarto.com\/#organization\",\"name\":\"Lig\u00e9Cart&#039;O\",\"url\":\"http:\/\/ligecarto.com\/\",\"logo\":{\"@type\":\"ImageObject\",\"inLanguage\":\"fr-FR\",\"@id\":\"http:\/\/ligecarto.com\/#\/schema\/logo\/image\/\",\"url\":\"http:\/\/ligecarto.com\/wp-content\/uploads\/2024\/01\/cropped-Logo_Ligecarto.png\",\"contentUrl\":\"http:\/\/ligecarto.com\/wp-content\/uploads\/2024\/01\/cropped-Logo_Ligecarto.png\",\"width\":258,\"height\":86,\"caption\":\"Lig\u00e9Cart&#039;O\"},\"image\":{\"@id\":\"http:\/\/ligecarto.com\/#\/schema\/logo\/image\/\"}}]}<\/script>\n<!-- \/ Yoast SEO plugin. -->","yoast_head_json":{"title":"Home - Lig\u00e9Cart&#039;O","robots":{"index":"index","follow":"follow","max-snippet":"max-snippet:-1","max-image-preview":"max-image-preview:large","max-video-preview":"max-video-preview:-1"},"canonical":"http:\/\/ligecarto.com\/","og_locale":"fr_FR","og_type":"article","og_title":"Home - Lig\u00e9Cart&#039;O","og_description":"des cartes \u00e0 port\u00e9e de mains ! Cartographie de Course d&rsquo;Orientation Pour la pratique comp\u00e9titive, loisir ou scolaire et respectant les sp\u00e9cifications de l&rsquo;IOF et de la FFCO Carte For\u00eat Pour des cartes de comp\u00e9titions, d&rsquo;entrainement et de proximit\u00e9 respectant la sp\u00e9cification ISOM 2017 Mes Services Carte Urbaine Pour des cartes de comp\u00e9titions, d&rsquo;entrainement et [&hellip;]","og_url":"http:\/\/ligecarto.com\/","og_site_name":"Lig\u00e9Cart&#039;O","article_modified_time":"2024-01-05T12:43:32+00:00","og_image":[{"url":"http:\/\/ligecarto.com\/wp-content\/uploads\/2020\/12\/La_Barillette_3.png"}],"twitter_card":"summary_large_image","twitter_misc":{"Dur\u00e9e de lecture estim\u00e9e":"1 minute"},"schema":{"@context":"https:\/\/schema.org","@graph":[{"@type":"WebPage","@id":"http:\/\/ligecarto.com\/","url":"http:\/\/ligecarto.com\/","name":"Home - Lig\u00e9Cart&#039;O","isPartOf":{"@id":"http:\/\/ligecarto.com\/#website"},"primaryImageOfPage":{"@id":"http:\/\/ligecarto.com\/#primaryimage"},"image":{"@id":"http:\/\/ligecarto.com\/#primaryimage"},"thumbnailUrl":"http:\/\/ligecarto.com\/wp-content\/uploads\/2020\/12\/La_Barillette_3.png","datePublished":"2018-11-27T09:16:54+00:00","dateModified":"2024-01-05T12:43:32+00:00","breadcrumb":{"@id":"http:\/\/ligecarto.com\/#breadcrumb"},"inLanguage":"fr-FR","potentialAction":[{"@type":"ReadAction","target":["http:\/\/ligecarto.com\/"]}]},{"@type":"ImageObject","inLanguage":"fr-FR","@id":"http:\/\/ligecarto.com\/#primaryimage","url":"http:\/\/ligecarto.com\/wp-content\/uploads\/2020\/12\/La_Barillette_3.png","contentUrl":"http:\/\/ligecarto.com\/wp-content\/uploads\/2020\/12\/La_Barillette_3.png","width":827,"height":827},{"@type":"BreadcrumbList","@id":"http:\/\/ligecarto.com\/#breadcrumb","itemListElement":[{"@type":"ListItem","position":1,"name":"Accueil","item":"http:\/\/ligecarto.com\/"},{"@type":"ListItem","position":2,"name":"Home"}]},{"@type":"WebSite","@id":"http:\/\/ligecarto.com\/#website","url":"http:\/\/ligecarto.com\/","name":"Lig\u00e9Cart&#039;O","description":"","publisher":{"@id":"http:\/\/ligecarto.com\/#organization"},"potentialAction":[{"@type":"SearchAction","target":{"@type":"EntryPoint","urlTemplate":"http:\/\/ligecarto.com\/?s={search_term_string}"},"query-input":{"@type":"PropertyValueSpecification","valueRequired":true,"valueName":"search_term_string"}}],"inLanguage":"fr-FR"},{"@type":"Organization","@id":"http:\/\/ligecarto.com\/#organization","name":"Lig\u00e9Cart&#039;O","url":"http:\/\/ligecarto.com\/","logo":{"@type":"ImageObject","inLanguage":"fr-FR","@id":"http:\/\/ligecarto.com\/#\/schema\/logo\/image\/","url":"http:\/\/ligecarto.com\/wp-content\/uploads\/2024\/01\/cropped-Logo_Ligecarto.png","contentUrl":"http:\/\/ligecarto.com\/wp-content\/uploads\/2024\/01\/cropped-Logo_Ligecarto.png","width":258,"height":86,"caption":"Lig\u00e9Cart&#039;O"},"image":{"@id":"http:\/\/ligecarto.com\/#\/schema\/logo\/image\/"}}]}},"_links":{"self":[{"href":"http:\/\/ligecarto.com\/index.php\/wp-json\/wp\/v2\/pages\/4"}],"collection":[{"href":"http:\/\/ligecarto.com\/index.php\/wp-json\/wp\/v2\/pages"}],"about":[{"href":"http:\/\/ligecarto.com\/index.php\/wp-json\/wp\/v2\/types\/page"}],"author":[{"embeddable":true,"href":"http:\/\/ligecarto.com\/index.php\/wp-json\/wp\/v2\/users\/1"}],"replies":[{"embeddable":true,"href":"http:\/\/ligecarto.com\/index.php\/wp-json\/wp\/v2\/comments?post=4"}],"version-history":[{"count":59,"href":"http:\/\/ligecarto.com\/index.php\/wp-json\/wp\/v2\/pages\/4\/revisions"}],"predecessor-version":[{"id":757,"href":"http:\/\/ligecarto.com\/index.php\/wp-json\/wp\/v2\/pages\/4\/revisions\/757"}],"wp:attachment":[{"href":"http:\/\/ligecarto.com\/index.php\/wp-json\/wp\/v2\/media?parent=4"}],"curies":[{"name":"wp","href":"https:\/\/api.w.org\/{rel}","templated":true}]}}